{"id":2183,"date":"2024-04-02T17:36:29","date_gmt":"2024-04-02T20:36:29","guid":{"rendered":"https:\/\/carolinapappalettere.com\/?page_id=2183"},"modified":"2025-03-13T13:58:13","modified_gmt":"2025-03-13T16:58:13","slug":"blog","status":"publish","type":"page","link":"https:\/\/carolinapappalettere.com\/index.php\/blog\/","title":{"rendered":"Art\u00edculos"},"content":{"rendered":"\t\t<div data-elementor-type=\"wp-page\" data-elementor-id=\"2183\" class=\"elementor elementor-2183\">\n\t\t\t\t\t\t<section class=\"elementor-section elementor-top-section elementor-element elementor-element-d058b0f elementor-section-boxed elementor-section-height-default elementor-section-height-default\" data-id=\"d058b0f\" data-element_type=\"section\" data-e-type=\"section\">\n\t\t\t\t\t\t<div class=\"elementor-container elementor-column-gap-default\">\n\t\t\t\t\t<div class=\"elementor-column elementor-col-33 elementor-top-column elementor-element elementor-element-2a1ab77\" data-id=\"2a1ab77\" data-element_type=\"column\" data-e-type=\"column\">\n\t\t\t<div class=\"elementor-widget-wrap elementor-element-populated\">\n\t\t\t\t\t\t<div class=\"elementor-element elementor-element-5612118 elementor-widget elementor-widget-image\" data-id=\"5612118\" data-element_type=\"widget\" data-e-type=\"widget\" data-widget_type=\"image.default\">\n\t\t\t\t<div class=\"elementor-widget-container\">\n\t\t\t\t\t\t\t\t\t\t\t\t\t\t\t<img decoding=\"async\" src=\"https:\/\/carolinapappalettere.com\/wp-content\/uploads\/elementor\/thumbs\/ayuno-intermitente-qmgjkdrz21xsg5fnsayk1rp83l82okllwckr15qnjg.jpg\" title=\"ayuno-intermitente\" alt=\"ayuno-intermitente\" loading=\"lazy\" \/>\t\t\t\t\t\t\t\t\t\t\t\t\t\t\t<\/div>\n\t\t\t\t<\/div>\n\t\t\t\t<div class=\"elementor-element elementor-element-36ebee0 elementor-widget elementor-widget-heading\" data-id=\"36ebee0\" data-element_type=\"widget\" data-e-type=\"widget\" data-widget_type=\"heading.default\">\n\t\t\t\t<div class=\"elementor-widget-container\">\n\t\t\t\t\t<h2 class=\"elementor-heading-title elementor-size-default\">Ayuno intermitente y mortalidad: \u00bfqu\u00e9 hay de cierto?<\/h2>\t\t\t\t<\/div>\n\t\t\t\t<\/div>\n\t\t\t\t<div class=\"elementor-element elementor-element-4e4da97 elementor-align-center elementor-widget elementor-widget-button\" data-id=\"4e4da97\" data-element_type=\"widget\" data-e-type=\"widget\" data-widget_type=\"button.default\">\n\t\t\t\t<div class=\"elementor-widget-container\">\n\t\t\t\t\t\t\t\t\t<div class=\"elementor-button-wrapper\">\n\t\t\t\t\t<a class=\"elementor-button elementor-button-link elementor-size-sm\" href=\"https:\/\/carolinapappalettere.com\/index.php\/2024\/04\/02\/ayuno-intermitente-y-mortalidad-que-hay-de-cierto\/\">\n\t\t\t\t\t\t<span class=\"elementor-button-content-wrapper\">\n\t\t\t\t\t\t\t\t\t<span class=\"elementor-button-text\">LEER ART\u00cdCULO<\/span>\n\t\t\t\t\t<\/span>\n\t\t\t\t\t<\/a>\n\t\t\t\t<\/div>\n\t\t\t\t\t\t\t\t<\/div>\n\t\t\t\t<\/div>\n\t\t\t\t\t<\/div>\n\t\t<\/div>\n\t\t\t\t<div class=\"elementor-column elementor-col-33 elementor-top-column elementor-element elementor-element-e73250b\" data-id=\"e73250b\" data-element_type=\"column\" data-e-type=\"column\">\n\t\t\t<div class=\"elementor-widget-wrap elementor-element-populated\">\n\t\t\t\t\t\t<div class=\"elementor-element elementor-element-67c0c69 elementor-widget elementor-widget-image\" data-id=\"67c0c69\" data-element_type=\"widget\" data-e-type=\"widget\" data-widget_type=\"image.default\">\n\t\t\t\t<div class=\"elementor-widget-container\">\n\t\t\t\t\t\t\t\t\t\t\t\t\t\t\t<img decoding=\"async\" src=\"https:\/\/carolinapappalettere.com\/wp-content\/uploads\/elementor\/thumbs\/minerals-mg-magnesium-vitamin-inside-a-translucent-capsule-macronutrient-dietary-supplement-on-a-blue-gradient-background-medical-information-poster-illustration-vector-qpkapwgf643v0io1re167j9ypr8te3mpbpko1jmz70.jpg\" title=\"minerals-mg-magnesium-vitamin-inside-a-translucent-capsule-macronutrient-dietary-supplement-on-a-blue-gradient-background-medical-information-poster-illustration-vector\" alt=\"minerals-mg-magnesium-vitamin-inside-a-translucent-capsule-macronutrient-dietary-supplement-on-a-blue-gradient-background-medical-information-poster-illustration-vector\" loading=\"lazy\" \/>\t\t\t\t\t\t\t\t\t\t\t\t\t\t\t<\/div>\n\t\t\t\t<\/div>\n\t\t\t\t<div class=\"elementor-element elementor-element-4d64fb9 elementor-widget elementor-widget-heading\" data-id=\"4d64fb9\" data-element_type=\"widget\" data-e-type=\"widget\" data-widget_type=\"heading.default\">\n\t\t\t\t<div class=\"elementor-widget-container\">\n\t\t\t\t\t<h2 class=\"elementor-heading-title elementor-size-default\">Magnesio, un mineral crucial en tu salud<\/h2>\t\t\t\t<\/div>\n\t\t\t\t<\/div>\n\t\t\t\t<div class=\"elementor-element elementor-element-33a7603 elementor-align-center elementor-widget elementor-widget-button\" data-id=\"33a7603\" data-element_type=\"widget\" data-e-type=\"widget\" data-widget_type=\"button.default\">\n\t\t\t\t<div class=\"elementor-widget-container\">\n\t\t\t\t\t\t\t\t\t<div class=\"elementor-button-wrapper\">\n\t\t\t\t\t<a class=\"elementor-button elementor-button-link elementor-size-sm\" href=\"https:\/\/carolinapappalettere.com\/index.php\/2024\/06\/12\/magnesio-un-mineral-crucial-en-tu-salud\/\">\n\t\t\t\t\t\t<span class=\"elementor-button-content-wrapper\">\n\t\t\t\t\t\t\t\t\t<span class=\"elementor-button-text\">LEER ART\u00cdCULO<\/span>\n\t\t\t\t\t<\/span>\n\t\t\t\t\t<\/a>\n\t\t\t\t<\/div>\n\t\t\t\t\t\t\t\t<\/div>\n\t\t\t\t<\/div>\n\t\t\t\t\t<\/div>\n\t\t<\/div>\n\t\t\t\t<div class=\"elementor-column elementor-col-33 elementor-top-column elementor-element elementor-element-0021410\" data-id=\"0021410\" data-element_type=\"column\" data-e-type=\"column\">\n\t\t\t<div class=\"elementor-widget-wrap elementor-element-populated\">\n\t\t\t\t\t\t<div class=\"elementor-element elementor-element-a10a0ba elementor-widget elementor-widget-image\" data-id=\"a10a0ba\" data-element_type=\"widget\" data-e-type=\"widget\" data-widget_type=\"image.default\">\n\t\t\t\t<div class=\"elementor-widget-container\">\n\t\t\t\t\t\t\t\t\t\t\t\t\t\t\t<img decoding=\"async\" src=\"https:\/\/carolinapappalettere.com\/wp-content\/uploads\/elementor\/thumbs\/la-nutricion-qqcgwpp454nn6woc9e0hi5qa3e3jol0vrgat2ooy3w.png\" title=\"la-nutricion\" alt=\"la-nutricion\" loading=\"lazy\" \/>\t\t\t\t\t\t\t\t\t\t\t\t\t\t\t<\/div>\n\t\t\t\t<\/div>\n\t\t\t\t<div class=\"elementor-element elementor-element-c67cb6c elementor-widget elementor-widget-heading\" data-id=\"c67cb6c\" data-element_type=\"widget\" data-e-type=\"widget\" data-widget_type=\"heading.default\">\n\t\t\t\t<div class=\"elementor-widget-container\">\n\t\t\t\t\t<h2 class=\"elementor-heading-title elementor-size-default\">La nutrici\u00f3n: Tu aliada en la recuperaci\u00f3n luego de una lesi\u00f3n<\/h2>\t\t\t\t<\/div>\n\t\t\t\t<\/div>\n\t\t\t\t<div class=\"elementor-element elementor-element-b3614da elementor-align-center elementor-widget elementor-widget-button\" data-id=\"b3614da\" data-element_type=\"widget\" data-e-type=\"widget\" data-widget_type=\"button.default\">\n\t\t\t\t<div class=\"elementor-widget-container\">\n\t\t\t\t\t\t\t\t\t<div class=\"elementor-button-wrapper\">\n\t\t\t\t\t<a class=\"elementor-button elementor-button-link elementor-size-sm\" href=\"https:\/\/carolinapappalettere.com\/index.php\/2024\/06\/28\/la-nutricion-tu-aliada-en-la-recuperacion-luego-de-una-lesion\/\">\n\t\t\t\t\t\t<span class=\"elementor-button-content-wrapper\">\n\t\t\t\t\t\t\t\t\t<span class=\"elementor-button-text\">LEER ART\u00cdCULO<\/span>\n\t\t\t\t\t<\/span>\n\t\t\t\t\t<\/a>\n\t\t\t\t<\/div>\n\t\t\t\t\t\t\t\t<\/div>\n\t\t\t\t<\/div>\n\t\t\t\t\t<\/div>\n\t\t<\/div>\n\t\t\t\t\t<\/div>\n\t\t<\/section>\n\t\t\t\t<section class=\"elementor-section elementor-top-section elementor-element elementor-element-81ff32e elementor-section-boxed elementor-section-height-default elementor-section-height-default\" data-id=\"81ff32e\" data-element_type=\"section\" data-e-type=\"section\">\n\t\t\t\t\t\t<div class=\"elementor-container elementor-column-gap-default\">\n\t\t\t\t\t<div class=\"elementor-column elementor-col-100 elementor-top-column elementor-element elementor-element-570f1c5\" data-id=\"570f1c5\" data-element_type=\"column\" data-e-type=\"column\">\n\t\t\t<div class=\"elementor-widget-wrap elementor-element-populated\">\n\t\t\t\t\t\t<div class=\"elementor-element elementor-element-0dc0eb7 elementor-widget elementor-widget-spacer\" data-id=\"0dc0eb7\" data-element_type=\"widget\" data-e-type=\"widget\" data-widget_type=\"spacer.default\">\n\t\t\t\t<div class=\"elementor-widget-container\">\n\t\t\t\t\t\t\t<div class=\"elementor-spacer\">\n\t\t\t<div class=\"elementor-spacer-inner\"><\/div>\n\t\t<\/div>\n\t\t\t\t\t\t<\/div>\n\t\t\t\t<\/div>\n\t\t\t\t\t<\/div>\n\t\t<\/div>\n\t\t\t\t\t<\/div>\n\t\t<\/section>\n\t\t\t\t<section class=\"elementor-section elementor-top-section elementor-element elementor-element-292155e elementor-section-boxed elementor-section-height-default elementor-section-height-default\" data-id=\"292155e\" data-element_type=\"section\" data-e-type=\"section\">\n\t\t\t\t\t\t<div class=\"elementor-container elementor-column-gap-default\">\n\t\t\t\t\t<div class=\"elementor-column elementor-col-33 elementor-top-column elementor-element elementor-element-77d9125\" data-id=\"77d9125\" data-element_type=\"column\" data-e-type=\"column\">\n\t\t\t<div class=\"elementor-widget-wrap elementor-element-populated\">\n\t\t\t\t\t\t<div class=\"elementor-element elementor-element-dd8a310 elementor-widget elementor-widget-image\" data-id=\"dd8a310\" data-element_type=\"widget\" data-e-type=\"widget\" data-widget_type=\"image.default\">\n\t\t\t\t<div class=\"elementor-widget-container\">\n\t\t\t\t\t\t\t\t\t\t\t\t\t\t\t<img decoding=\"async\" src=\"https:\/\/carolinapappalettere.com\/wp-content\/uploads\/elementor\/thumbs\/ashwagandha-r2t460qt25g4m0xd1tle1yltr66ucll6qist13xv3g.jpeg\" title=\"ashwagandha\" alt=\"ashwagandha\" loading=\"lazy\" \/>\t\t\t\t\t\t\t\t\t\t\t\t\t\t\t<\/div>\n\t\t\t\t<\/div>\n\t\t\t\t<div class=\"elementor-element elementor-element-d2bf40f elementor-widget elementor-widget-heading\" data-id=\"d2bf40f\" data-element_type=\"widget\" data-e-type=\"widget\" data-widget_type=\"heading.default\">\n\t\t\t\t<div class=\"elementor-widget-container\">\n\t\t\t\t\t<h2 class=\"elementor-heading-title elementor-size-default\"><a href=\"https:\/\/carolinapappalettere.com\/index.php\/2025\/03\/13\/ashwagandha-un-aliado-para-la-recuperacion-y-el-sueno-en-futbolistas-femeninas\/\">Ashwagandha: \u00bfUn aliado para la recuperaci\u00f3n y el sue\u00f1o en futbolistas femeninas?<\/a><\/h2>\t\t\t\t<\/div>\n\t\t\t\t<\/div>\n\t\t\t\t<div class=\"elementor-element elementor-element-bfba676 elementor-align-center elementor-widget elementor-widget-button\" data-id=\"bfba676\" data-element_type=\"widget\" data-e-type=\"widget\" data-widget_type=\"button.default\">\n\t\t\t\t<div class=\"elementor-widget-container\">\n\t\t\t\t\t\t\t\t\t<div class=\"elementor-button-wrapper\">\n\t\t\t\t\t<a class=\"elementor-button elementor-button-link elementor-size-sm\" href=\"https:\/\/carolinapappalettere.com\/index.php\/2025\/03\/13\/ashwagandha-un-aliado-para-la-recuperacion-y-el-sueno-en-futbolistas-femeninas\/\">\n\t\t\t\t\t\t<span class=\"elementor-button-content-wrapper\">\n\t\t\t\t\t\t\t\t\t<span class=\"elementor-button-text\">LEER ART\u00cdCULO<\/span>\n\t\t\t\t\t<\/span>\n\t\t\t\t\t<\/a>\n\t\t\t\t<\/div>\n\t\t\t\t\t\t\t\t<\/div>\n\t\t\t\t<\/div>\n\t\t\t\t\t<\/div>\n\t\t<\/div>\n\t\t\t\t<div class=\"elementor-column elementor-col-33 elementor-top-column elementor-element elementor-element-f1c5b53\" data-id=\"f1c5b53\" data-element_type=\"column\" data-e-type=\"column\">\n\t\t\t<div class=\"elementor-widget-wrap\">\n\t\t\t\t\t\t\t<\/div>\n\t\t<\/div>\n\t\t\t\t<div class=\"elementor-column elementor-col-33 elementor-top-column elementor-element elementor-element-fa1631f\" data-id=\"fa1631f\" data-element_type=\"column\" data-e-type=\"column\">\n\t\t\t<div class=\"elementor-widget-wrap\">\n\t\t\t\t\t\t\t<\/div>\n\t\t<\/div>\n\t\t\t\t\t<\/div>\n\t\t<\/section>\n\t\t\t\t<section class=\"elementor-section elementor-top-section elementor-element elementor-element-b04d8ce elementor-section-boxed elementor-section-height-default elementor-section-height-default\" data-id=\"b04d8ce\" data-element_type=\"section\" data-e-type=\"section\">\n\t\t\t\t\t\t<div class=\"elementor-container elementor-column-gap-default\">\n\t\t\t\t\t<div class=\"elementor-column elementor-col-100 elementor-top-column elementor-element elementor-element-5065c37\" data-id=\"5065c37\" data-element_type=\"column\" data-e-type=\"column\">\n\t\t\t<div class=\"elementor-widget-wrap elementor-element-populated\">\n\t\t\t\t\t\t<div class=\"elementor-element elementor-element-0f7f123 elementor-widget elementor-widget-spacer\" data-id=\"0f7f123\" data-element_type=\"widget\" data-e-type=\"widget\" data-widget_type=\"spacer.default\">\n\t\t\t\t<div class=\"elementor-widget-container\">\n\t\t\t\t\t\t\t<div class=\"elementor-spacer\">\n\t\t\t<div class=\"elementor-spacer-inner\"><\/div>\n\t\t<\/div>\n\t\t\t\t\t\t<\/div>\n\t\t\t\t<\/div>\n\t\t\t\t\t<\/div>\n\t\t<\/div>\n\t\t\t\t\t<\/div>\n\t\t<\/section>\n\t\t\t\t<\/div>\n\t\t","protected":false},"excerpt":{"rendered":"<p>Ayuno intermitente y mortalidad: \u00bfqu\u00e9 hay de cierto? LEER ART\u00cdCULO Magnesio, un mineral crucial en tu salud LEER ART\u00cdCULO La nutrici\u00f3n: Tu aliada en la recuperaci\u00f3n luego de una lesi\u00f3n LEER ART\u00cdCULO Ashwagandha: \u00bfUn aliado para la recuperaci\u00f3n y el sue\u00f1o en futbolistas femeninas? LEER ART\u00cdCULO<\/p>\n","protected":false},"author":1,"featured_media":0,"parent":0,"menu_order":0,"comment_status":"closed","ping_status":"closed","template":"elementor_header_footer","meta":{"zakra_page_container_layout":"customizer","zakra_page_sidebar_layout":"customizer","zakra_remove_content_margin":false,"zakra_sidebar":"customizer","zakra_transparent_header":"customizer","zakra_logo":0,"zakra_main_header_style":"default","zakra_menu_item_color":"","zakra_menu_item_hover_color":"","zakra_menu_item_active_color":"","zakra_menu_active_style":"","zakra_page_header":true,"footnotes":""},"class_list":["post-2183","page","type-page","status-publish","hentry"],"jetpack_sharing_enabled":true,"_links":{"self":[{"href":"https:\/\/carolinapappalettere.com\/index.php\/wp-json\/wp\/v2\/pages\/2183","targetHints":{"allow":["GET"]}}],"collection":[{"href":"https:\/\/carolinapappalettere.com\/index.php\/wp-json\/wp\/v2\/pages"}],"about":[{"href":"https:\/\/carolinapappalettere.com\/index.php\/wp-json\/wp\/v2\/types\/page"}],"author":[{"embeddable":true,"href":"https:\/\/carolinapappalettere.com\/index.php\/wp-json\/wp\/v2\/users\/1"}],"replies":[{"embeddable":true,"href":"https:\/\/carolinapappalettere.com\/index.php\/wp-json\/wp\/v2\/comments?post=2183"}],"version-history":[{"count":40,"href":"https:\/\/carolinapappalettere.com\/index.php\/wp-json\/wp\/v2\/pages\/2183\/revisions"}],"predecessor-version":[{"id":2326,"href":"https:\/\/carolinapappalettere.com\/index.php\/wp-json\/wp\/v2\/pages\/2183\/revisions\/2326"}],"wp:attachment":[{"href":"https:\/\/carolinapappalettere.com\/index.php\/wp-json\/wp\/v2\/media?parent=2183"}],"curies":[{"name":"wp","href":"https:\/\/api.w.org\/{rel}","templated":true}]}}